{"id":130,"date":"2017-09-06T09:39:14","date_gmt":"2017-09-06T09:39:14","guid":{"rendered":"http:\/\/xn--traductionsjosphinecab-o8b.apps-1and1.net\/?page_id=130"},"modified":"2018-02-27T09:44:26","modified_gmt":"2018-02-27T09:44:26","slug":"services-professionnels","status":"publish","type":"page","link":"https:\/\/traductionsjcabello.com\/?page_id=130","title":{"rendered":"Services Professionnels"},"content":{"rendered":"<p>Vous trouverez ici les services de traduction, d&rsquo;interpr\u00e9tation et de formation que j&rsquo;assure. Si vous avez des questions ou souhaitez contracter l\u00b4un de ces services, SVP\u00a0<a href=\"https:\/\/traductionsjcabello.com\/contact\">contactez-moi<\/a>.<\/p>\n<p>&nbsp;<\/p>\n<p>&nbsp;<\/p>\n<p><img loading=\"lazy\" decoding=\"async\" class=\" wp-image-113 alignleft\" src=\"https:\/\/traductionsjcabello.com\/wp-content\/uploads\/2017\/09\/logo-traduccion-300x296.jpg\" alt=\"Traduction\" width=\"218\" height=\"215\" srcset=\"https:\/\/traductionsjcabello.com\/wp-content\/uploads\/2017\/09\/logo-traduccion-300x296.jpg 300w, https:\/\/traductionsjcabello.com\/wp-content\/uploads\/2017\/09\/logo-traduccion-150x148.jpg 150w, https:\/\/traductionsjcabello.com\/wp-content\/uploads\/2017\/09\/logo-traduccion.jpg 465w\" sizes=\"auto, (max-width: 218px) 100vw, 218px\" \/><\/p>\n<h5><strong><span style=\"font-family: Ubuntu;\">Traduction:<\/span><\/strong><\/h5>\n<ul>\n<li>Tous types de documents<\/li>\n<li>Livres<\/li>\n<li>Traductions techniques<\/li>\n<li>Brochures touristiques<\/li>\n<li>Menus de Restaurants<\/li>\n<li><strong>R\u00e9vision &#8211; Correction &#8211; R\u00e9daction<\/strong><\/li>\n<\/ul>\n<p>&nbsp;<\/p>\n<p>&nbsp;<\/p>\n<p>&nbsp;<\/p>\n<p><strong><img loading=\"lazy\" decoding=\"async\" class=\"wp-image-120 alignleft\" src=\"https:\/\/traductionsjcabello.com\/wp-content\/uploads\/2017\/09\/logo-interpretacion-300x289.jpg\" alt=\"Logo Interpretaci\u00f3n \" width=\"218\" height=\"210\" srcset=\"https:\/\/traductionsjcabello.com\/wp-content\/uploads\/2017\/09\/logo-interpretacion-300x289.jpg 300w, https:\/\/traductionsjcabello.com\/wp-content\/uploads\/2017\/09\/logo-interpretacion-150x145.jpg 150w, https:\/\/traductionsjcabello.com\/wp-content\/uploads\/2017\/09\/logo-interpretacion.jpg 441w\" sizes=\"auto, (max-width: 218px) 100vw, 218px\" \/><\/strong><\/p>\n<p>&nbsp;<\/p>\n<h5><strong>Interpr\u00e9tation:<\/strong><\/h5>\n<p>&nbsp;<\/p>\n<ul>\n<li>R\u00e9unions d&rsquo;affaires<\/li>\n<li>Accompagnement visites d&rsquo;usines, centres d&rsquo;affaires et centres de sant\u00e9 en France et en Espagne&#8230;<\/li>\n<li>D\u00e9marches et formalit\u00e9s administratives<\/li>\n<\/ul>\n<p>&nbsp;<\/p>\n<p>&nbsp;<\/p>\n<p>&nbsp;<\/p>\n<p>&nbsp;<\/p>\n<p>&nbsp;<\/p>\n<p>&nbsp;<\/p>\n<h5><strong><img loading=\"lazy\" decoding=\"async\" class=\"alignleft wp-image-125\" src=\"https:\/\/traductionsjcabello.com\/wp-content\/uploads\/2017\/09\/logo-formacion-300x272.jpg\" alt=\"Logo Ense\u00f1anza\" width=\"218\" height=\"198\" srcset=\"https:\/\/traductionsjcabello.com\/wp-content\/uploads\/2017\/09\/logo-formacion-300x272.jpg 300w, https:\/\/traductionsjcabello.com\/wp-content\/uploads\/2017\/09\/logo-formacion-150x136.jpg 150w, https:\/\/traductionsjcabello.com\/wp-content\/uploads\/2017\/09\/logo-formacion.jpg 447w\" sizes=\"auto, (max-width: 218px) 100vw, 218px\" \/>Formation:<\/strong><\/h5>\n<p>&nbsp;<\/p>\n<ul>\n<li>Formatrice agr\u00e9\u00e9e fran\u00e7ais\/espagnol<\/li>\n<li>Cours en entreprises<\/li>\n<li>Cours priv\u00e9s pour adultes et \u00e9tudiants<\/li>\n<li>Cours par visioconf\u00e9rence (Skype)<\/li>\n<\/ul>\n","protected":false},"excerpt":{"rendered":"<p>Vous trouverez ici les services de traduction, d&rsquo;interpr\u00e9tation et de formation que j&rsquo;assure. Si vous avez des questions ou souhaitez contracter l\u00b4un de ces services, SVP\u00a0contactez-moi. &nbsp; &nbsp; Traduction: Tous types de documents Livres Traductions techniques Brochures touristiques Menus de Restaurants R\u00e9vision &#8211; Correction &#8211; R\u00e9daction &nbsp; &nbsp; &nbsp; &nbsp;\u2026<\/p>\n<p class=\"continue-reading-button\"> <a class=\"continue-reading-link\" href=\"https:\/\/traductionsjcabello.com\/?page_id=130\">Continue reading<i class=\"crycon-right-dir\"><\/i><\/a><\/p>\n","protected":false},"author":1,"featured_media":134,"parent":0,"menu_order":0,"comment_status":"closed","ping_status":"closed","template":"","meta":{"footnotes":""},"class_list":["post-130","page","type-page","status-publish","has-post-thumbnail","hentry"],"yoast_head":"<!-- This site is optimized with the Yoast SEO plugin v27.5 - https:\/\/yoast.com\/product\/yoast-seo-wordpress\/ -->\n<title>Services Professionnels - Traductions Jos\u00e9phine Cabello - Espagnol\/Fran\u00e7ais<\/title>\n<meta name=\"robots\" content=\"noindex, follow, max-snippet:-1, max-image-preview:large, max-video-preview:-1\" \/>\n<meta property=\"og:locale\" content=\"fr_FR\" \/>\n<meta property=\"og:type\" content=\"article\" \/>\n<meta property=\"og:title\" content=\"Services Professionnels - Traductions Jos\u00e9phine Cabello - Espagnol\/Fran\u00e7ais\" \/>\n<meta property=\"og:description\" content=\"Vous trouverez ici les services de traduction, d&rsquo;interpr\u00e9tation et de formation que j&rsquo;assure. Si vous avez des questions ou souhaitez contracter l\u00b4un de ces services, SVP\u00a0contactez-moi. &nbsp; &nbsp; Traduction: Tous types de documents Livres Traductions techniques Brochures touristiques Menus de Restaurants R\u00e9vision &#8211; Correction &#8211; R\u00e9daction &nbsp; &nbsp; &nbsp; &nbsp;\u2026 Continue reading\" \/>\n<meta property=\"og:url\" content=\"https:\/\/traductionsjcabello.com\/?page_id=130\" \/>\n<meta property=\"og:site_name\" content=\"Traductions Jos\u00e9phine Cabello - Espagnol\/Fran\u00e7ais\" \/>\n<meta property=\"article:modified_time\" content=\"2018-02-27T09:44:26+00:00\" \/>\n<meta property=\"og:image\" content=\"https:\/\/traductionsjcabello.com\/wp-content\/uploads\/2017\/09\/servicios-profesionales.jpg\" \/>\n\t<meta property=\"og:image:width\" content=\"577\" \/>\n\t<meta property=\"og:image:height\" content=\"428\" \/>\n\t<meta property=\"og:image:type\" content=\"image\/jpeg\" \/>\n<meta name=\"twitter:card\" content=\"summary_large_image\" \/>\n<meta name=\"twitter:label1\" content=\"Dur\u00e9e de lecture estim\u00e9e\" \/>\n\t<meta name=\"twitter:data1\" content=\"1 minute\" \/>\n<script type=\"application\/ld+json\" class=\"yoast-schema-graph\">{\"@context\":\"https:\\\/\\\/schema.org\",\"@graph\":[{\"@type\":\"WebPage\",\"@id\":\"https:\\\/\\\/traductionsjcabello.com\\\/?page_id=130\",\"url\":\"https:\\\/\\\/traductionsjcabello.com\\\/?page_id=130\",\"name\":\"Services Professionnels - Traductions Jos\u00e9phine Cabello - Espagnol\\\/Fran\u00e7ais\",\"isPartOf\":{\"@id\":\"https:\\\/\\\/traductionsjcabello.com\\\/#website\"},\"primaryImageOfPage\":{\"@id\":\"https:\\\/\\\/traductionsjcabello.com\\\/?page_id=130#primaryimage\"},\"image\":{\"@id\":\"https:\\\/\\\/traductionsjcabello.com\\\/?page_id=130#primaryimage\"},\"thumbnailUrl\":\"https:\\\/\\\/traductionsjcabello.com\\\/wp-content\\\/uploads\\\/2017\\\/09\\\/servicios-profesionales.jpg\",\"datePublished\":\"2017-09-06T09:39:14+00:00\",\"dateModified\":\"2018-02-27T09:44:26+00:00\",\"breadcrumb\":{\"@id\":\"https:\\\/\\\/traductionsjcabello.com\\\/?page_id=130#breadcrumb\"},\"inLanguage\":\"fr-FR\",\"potentialAction\":[{\"@type\":\"ReadAction\",\"target\":[\"https:\\\/\\\/traductionsjcabello.com\\\/?page_id=130\"]}]},{\"@type\":\"ImageObject\",\"inLanguage\":\"fr-FR\",\"@id\":\"https:\\\/\\\/traductionsjcabello.com\\\/?page_id=130#primaryimage\",\"url\":\"https:\\\/\\\/traductionsjcabello.com\\\/wp-content\\\/uploads\\\/2017\\\/09\\\/servicios-profesionales.jpg\",\"contentUrl\":\"https:\\\/\\\/traductionsjcabello.com\\\/wp-content\\\/uploads\\\/2017\\\/09\\\/servicios-profesionales.jpg\",\"width\":577,\"height\":428,\"caption\":\"Services Professionnels\"},{\"@type\":\"BreadcrumbList\",\"@id\":\"https:\\\/\\\/traductionsjcabello.com\\\/?page_id=130#breadcrumb\",\"itemListElement\":[{\"@type\":\"ListItem\",\"position\":1,\"name\":\"Accueil\",\"item\":\"https:\\\/\\\/traductionsjcabello.com\\\/\"},{\"@type\":\"ListItem\",\"position\":2,\"name\":\"Services Professionnels\"}]},{\"@type\":\"WebSite\",\"@id\":\"https:\\\/\\\/traductionsjcabello.com\\\/#website\",\"url\":\"https:\\\/\\\/traductionsjcabello.com\\\/\",\"name\":\"Traductions Jos\u00e9phine Cabello - Espagnol\\\/Fran\u00e7ais\",\"description\":\"Services professionnels de traduction, d&#039;interpr\u00e9tation et de formation\",\"potentialAction\":[{\"@type\":\"SearchAction\",\"target\":{\"@type\":\"EntryPoint\",\"urlTemplate\":\"https:\\\/\\\/traductionsjcabello.com\\\/?s={search_term_string}\"},\"query-input\":{\"@type\":\"PropertyValueSpecification\",\"valueRequired\":true,\"valueName\":\"search_term_string\"}}],\"inLanguage\":\"fr-FR\"}]}<\/script>\n<!-- \/ Yoast SEO plugin. -->","yoast_head_json":{"title":"Services Professionnels - Traductions Jos\u00e9phine Cabello - Espagnol\/Fran\u00e7ais","robots":{"index":"noindex","follow":"follow","max-snippet":"max-snippet:-1","max-image-preview":"max-image-preview:large","max-video-preview":"max-video-preview:-1"},"og_locale":"fr_FR","og_type":"article","og_title":"Services Professionnels - Traductions Jos\u00e9phine Cabello - Espagnol\/Fran\u00e7ais","og_description":"Vous trouverez ici les services de traduction, d&rsquo;interpr\u00e9tation et de formation que j&rsquo;assure. Si vous avez des questions ou souhaitez contracter l\u00b4un de ces services, SVP\u00a0contactez-moi. &nbsp; &nbsp; Traduction: Tous types de documents Livres Traductions techniques Brochures touristiques Menus de Restaurants R\u00e9vision &#8211; Correction &#8211; R\u00e9daction &nbsp; &nbsp; &nbsp; &nbsp;\u2026 Continue reading","og_url":"https:\/\/traductionsjcabello.com\/?page_id=130","og_site_name":"Traductions Jos\u00e9phine Cabello - Espagnol\/Fran\u00e7ais","article_modified_time":"2018-02-27T09:44:26+00:00","og_image":[{"width":577,"height":428,"url":"https:\/\/traductionsjcabello.com\/wp-content\/uploads\/2017\/09\/servicios-profesionales.jpg","type":"image\/jpeg"}],"twitter_card":"summary_large_image","twitter_misc":{"Dur\u00e9e de lecture estim\u00e9e":"1 minute"},"schema":{"@context":"https:\/\/schema.org","@graph":[{"@type":"WebPage","@id":"https:\/\/traductionsjcabello.com\/?page_id=130","url":"https:\/\/traductionsjcabello.com\/?page_id=130","name":"Services Professionnels - Traductions Jos\u00e9phine Cabello - Espagnol\/Fran\u00e7ais","isPartOf":{"@id":"https:\/\/traductionsjcabello.com\/#website"},"primaryImageOfPage":{"@id":"https:\/\/traductionsjcabello.com\/?page_id=130#primaryimage"},"image":{"@id":"https:\/\/traductionsjcabello.com\/?page_id=130#primaryimage"},"thumbnailUrl":"https:\/\/traductionsjcabello.com\/wp-content\/uploads\/2017\/09\/servicios-profesionales.jpg","datePublished":"2017-09-06T09:39:14+00:00","dateModified":"2018-02-27T09:44:26+00:00","breadcrumb":{"@id":"https:\/\/traductionsjcabello.com\/?page_id=130#breadcrumb"},"inLanguage":"fr-FR","potentialAction":[{"@type":"ReadAction","target":["https:\/\/traductionsjcabello.com\/?page_id=130"]}]},{"@type":"ImageObject","inLanguage":"fr-FR","@id":"https:\/\/traductionsjcabello.com\/?page_id=130#primaryimage","url":"https:\/\/traductionsjcabello.com\/wp-content\/uploads\/2017\/09\/servicios-profesionales.jpg","contentUrl":"https:\/\/traductionsjcabello.com\/wp-content\/uploads\/2017\/09\/servicios-profesionales.jpg","width":577,"height":428,"caption":"Services Professionnels"},{"@type":"BreadcrumbList","@id":"https:\/\/traductionsjcabello.com\/?page_id=130#breadcrumb","itemListElement":[{"@type":"ListItem","position":1,"name":"Accueil","item":"https:\/\/traductionsjcabello.com\/"},{"@type":"ListItem","position":2,"name":"Services Professionnels"}]},{"@type":"WebSite","@id":"https:\/\/traductionsjcabello.com\/#website","url":"https:\/\/traductionsjcabello.com\/","name":"Traductions Jos\u00e9phine Cabello - Espagnol\/Fran\u00e7ais","description":"Services professionnels de traduction, d&#039;interpr\u00e9tation et de formation","potentialAction":[{"@type":"SearchAction","target":{"@type":"EntryPoint","urlTemplate":"https:\/\/traductionsjcabello.com\/?s={search_term_string}"},"query-input":{"@type":"PropertyValueSpecification","valueRequired":true,"valueName":"search_term_string"}}],"inLanguage":"fr-FR"}]}},"_links":{"self":[{"href":"https:\/\/traductionsjcabello.com\/index.php?rest_route=\/wp\/v2\/pages\/130","targetHints":{"allow":["GET"]}}],"collection":[{"href":"https:\/\/traductionsjcabello.com\/index.php?rest_route=\/wp\/v2\/pages"}],"about":[{"href":"https:\/\/traductionsjcabello.com\/index.php?rest_route=\/wp\/v2\/types\/page"}],"author":[{"embeddable":true,"href":"https:\/\/traductionsjcabello.com\/index.php?rest_route=\/wp\/v2\/users\/1"}],"replies":[{"embeddable":true,"href":"https:\/\/traductionsjcabello.com\/index.php?rest_route=%2Fwp%2Fv2%2Fcomments&post=130"}],"version-history":[{"count":19,"href":"https:\/\/traductionsjcabello.com\/index.php?rest_route=\/wp\/v2\/pages\/130\/revisions"}],"predecessor-version":[{"id":317,"href":"https:\/\/traductionsjcabello.com\/index.php?rest_route=\/wp\/v2\/pages\/130\/revisions\/317"}],"wp:featuredmedia":[{"embeddable":true,"href":"https:\/\/traductionsjcabello.com\/index.php?rest_route=\/wp\/v2\/media\/134"}],"wp:attachment":[{"href":"https:\/\/traductionsjcabello.com\/index.php?rest_route=%2Fwp%2Fv2%2Fmedia&parent=130"}],"curies":[{"name":"wp","href":"https:\/\/api.w.org\/{rel}","templated":true}]}}