{"id":226,"date":"2017-09-11T09:46:00","date_gmt":"2017-09-11T09:46:00","guid":{"rendered":"https:\/\/traductionsjcabello.com\/?page_id=226"},"modified":"2018-02-16T10:30:25","modified_gmt":"2018-02-16T10:30:25","slug":"contact","status":"publish","type":"page","link":"https:\/\/traductionsjcabello.com\/?page_id=226","title":{"rendered":"Contact"},"content":{"rendered":"<p>SVP, utilisez le formulaire de cette page. Je vous r\u00e9pondrai d\u00e8s que possible. Merci beaucoup.<\/p>\n<p><img loading=\"lazy\" decoding=\"async\" class=\" wp-image-103 alignright\" src=\"https:\/\/traductionsjcabello.com\/wp-content\/uploads\/2017\/09\/air-mail-300x205.jpg\" alt=\"Sobre Air Mail\" width=\"433\" height=\"296\" srcset=\"https:\/\/traductionsjcabello.com\/wp-content\/uploads\/2017\/09\/air-mail-300x205.jpg 300w, https:\/\/traductionsjcabello.com\/wp-content\/uploads\/2017\/09\/air-mail-150x103.jpg 150w, https:\/\/traductionsjcabello.com\/wp-content\/uploads\/2017\/09\/air-mail.jpg 693w\" sizes=\"auto, (max-width: 433px) 100vw, 433px\" \/><\/p>\n<p>&nbsp;<\/p>\n<h3><strong>Formulaire de Contact<\/strong><\/h3>\n<p>&nbsp;<\/p>\n\n<div class=\"wpcf7 no-js\" id=\"wpcf7-f230-o1\" lang=\"fr-FR\" dir=\"ltr\" data-wpcf7-id=\"230\">\n<div class=\"screen-reader-response\"><p role=\"status\" aria-live=\"polite\" aria-atomic=\"true\"><\/p> <ul><\/ul><\/div>\n<form action=\"\/index.php?rest_route=%2Fwp%2Fv2%2Fpages%2F226#wpcf7-f230-o1\" method=\"post\" class=\"wpcf7-form init\" aria-label=\"Formulaire de contact\" novalidate=\"novalidate\" data-status=\"init\">\n<fieldset class=\"hidden-fields-container\"><input type=\"hidden\" name=\"_wpcf7\" value=\"230\" \/><input type=\"hidden\" name=\"_wpcf7_version\" value=\"6.1.5\" \/><input type=\"hidden\" name=\"_wpcf7_locale\" value=\"fr_FR\" \/><input type=\"hidden\" name=\"_wpcf7_unit_tag\" value=\"wpcf7-f230-o1\" \/><input type=\"hidden\" name=\"_wpcf7_container_post\" value=\"0\" \/><input type=\"hidden\" name=\"_wpcf7_posted_data_hash\" value=\"\" \/>\n<\/fieldset>\n<p><label> Votre nom (obligatoire)<br \/>\n<span class=\"wpcf7-form-control-wrap\" data-name=\"your-name\"><input size=\"40\" maxlength=\"400\" class=\"wpcf7-form-control wpcf7-text wpcf7-validates-as-required\" aria-required=\"true\" aria-invalid=\"false\" value=\"\" type=\"text\" name=\"your-name\" \/><\/span> <\/label>\n<\/p>\n<p><label> Votre e-mail (obligatoire)<br \/>\n<span class=\"wpcf7-form-control-wrap\" data-name=\"your-email\"><input size=\"40\" maxlength=\"400\" class=\"wpcf7-form-control wpcf7-email wpcf7-validates-as-required wpcf7-text wpcf7-validates-as-email\" aria-required=\"true\" aria-invalid=\"false\" value=\"\" type=\"email\" name=\"your-email\" \/><\/span> <\/label>\n<\/p>\n<p><label> Sujet<br \/>\n<span class=\"wpcf7-form-control-wrap\" data-name=\"your-subject\"><input size=\"40\" maxlength=\"400\" class=\"wpcf7-form-control wpcf7-text\" aria-invalid=\"false\" value=\"\" type=\"text\" name=\"your-subject\" \/><\/span> <\/label>\n<\/p>\n<p><label> Votre message<br \/>\n<span class=\"wpcf7-form-control-wrap\" data-name=\"your-message\"><textarea cols=\"40\" rows=\"10\" maxlength=\"2000\" class=\"wpcf7-form-control wpcf7-textarea\" aria-invalid=\"false\" name=\"your-message\"><\/textarea><\/span> <\/label>\n<\/p>\n<p>Entrez ce Code: <input type=\"hidden\" name=\"_wpcf7_captcha_challenge_captcha-170\" value=\"1726796201\" \/><img loading=\"lazy\" decoding=\"async\" class=\"wpcf7-form-control wpcf7-captchac wpcf7-captcha-captcha-170\" width=\"72\" height=\"24\" alt=\"captcha\" src=\"https:\/\/traductionsjcabello.com\/wp-content\/uploads\/wpcf7_captcha\/1726796201.png\" \/><br \/>\n<span class=\"wpcf7-form-control-wrap\" data-name=\"captcha-170\"><input size=\"4\" maxlength=\"4\" class=\"wpcf7-form-control wpcf7-captchar\" autocomplete=\"off\" aria-invalid=\"false\" value=\"\" type=\"text\" name=\"captcha-170\" \/><\/span>\n<\/p>\n<p><input class=\"wpcf7-form-control wpcf7-submit has-spinner\" type=\"submit\" value=\"Envoyer\" \/>\n<\/p><p style=\"display: none !important;\" class=\"akismet-fields-container\" data-prefix=\"_wpcf7_ak_\"><label>&#916;<textarea name=\"_wpcf7_ak_hp_textarea\" cols=\"45\" rows=\"8\" maxlength=\"100\"><\/textarea><\/label><input type=\"hidden\" id=\"ak_js_1\" name=\"_wpcf7_ak_js\" value=\"145\"\/><script type=\"text\/javascript\">\n\/* <![CDATA[ *\/\ndocument.getElementById( \"ak_js_1\" ).setAttribute( \"value\", ( new Date() ).getTime() );\n\/* ]]> *\/\n<\/script>\n<\/p><div class=\"wpcf7-response-output\" aria-hidden=\"true\"><\/div>\n<\/form>\n<\/div>\n\n","protected":false},"excerpt":{"rendered":"<p>SVP, utilisez le formulaire de cette page. Je vous r\u00e9pondrai d\u00e8s que possible. Merci beaucoup. &nbsp; Formulaire de Contact &nbsp;<\/p>\n<p class=\"continue-reading-button\"> <a class=\"continue-reading-link\" href=\"https:\/\/traductionsjcabello.com\/?page_id=226\">Continue reading<i class=\"crycon-right-dir\"><\/i><\/a><\/p>\n","protected":false},"author":1,"featured_media":0,"parent":0,"menu_order":0,"comment_status":"closed","ping_status":"closed","template":"","meta":{"footnotes":""},"class_list":["post-226","page","type-page","status-publish","hentry"],"yoast_head":"<!-- This site is optimized with the Yoast SEO plugin v27.5 - https:\/\/yoast.com\/product\/yoast-seo-wordpress\/ -->\n<title>Contact - Traductions Jos\u00e9phine Cabello - Espagnol\/Fran\u00e7ais<\/title>\n<meta name=\"robots\" content=\"noindex, follow, max-snippet:-1, max-image-preview:large, max-video-preview:-1\" \/>\n<meta property=\"og:locale\" content=\"fr_FR\" \/>\n<meta property=\"og:type\" content=\"article\" \/>\n<meta property=\"og:title\" content=\"Contact - Traductions Jos\u00e9phine Cabello - Espagnol\/Fran\u00e7ais\" \/>\n<meta property=\"og:description\" content=\"SVP, utilisez le formulaire de cette page. Je vous r\u00e9pondrai d\u00e8s que possible. Merci beaucoup. &nbsp; Formulaire de Contact &nbsp; Continue reading\" \/>\n<meta property=\"og:url\" content=\"https:\/\/traductionsjcabello.com\/?page_id=226\" \/>\n<meta property=\"og:site_name\" content=\"Traductions Jos\u00e9phine Cabello - Espagnol\/Fran\u00e7ais\" \/>\n<meta property=\"article:modified_time\" content=\"2018-02-16T10:30:25+00:00\" \/>\n<meta property=\"og:image\" content=\"https:\/\/traductionsjcabello.com\/wp-content\/uploads\/2017\/09\/air-mail-300x205.jpg\" \/>\n<meta name=\"twitter:card\" content=\"summary_large_image\" \/>\n<script type=\"application\/ld+json\" class=\"yoast-schema-graph\">{\"@context\":\"https:\\\/\\\/schema.org\",\"@graph\":[{\"@type\":\"WebPage\",\"@id\":\"https:\\\/\\\/traductionsjcabello.com\\\/?page_id=226\",\"url\":\"https:\\\/\\\/traductionsjcabello.com\\\/?page_id=226\",\"name\":\"Contact - Traductions Jos\u00e9phine Cabello - Espagnol\\\/Fran\u00e7ais\",\"isPartOf\":{\"@id\":\"https:\\\/\\\/traductionsjcabello.com\\\/#website\"},\"primaryImageOfPage\":{\"@id\":\"https:\\\/\\\/traductionsjcabello.com\\\/?page_id=226#primaryimage\"},\"image\":{\"@id\":\"https:\\\/\\\/traductionsjcabello.com\\\/?page_id=226#primaryimage\"},\"thumbnailUrl\":\"https:\\\/\\\/traductionsjcabello.com\\\/wp-content\\\/uploads\\\/2017\\\/09\\\/air-mail-300x205.jpg\",\"datePublished\":\"2017-09-11T09:46:00+00:00\",\"dateModified\":\"2018-02-16T10:30:25+00:00\",\"breadcrumb\":{\"@id\":\"https:\\\/\\\/traductionsjcabello.com\\\/?page_id=226#breadcrumb\"},\"inLanguage\":\"fr-FR\",\"potentialAction\":[{\"@type\":\"ReadAction\",\"target\":[\"https:\\\/\\\/traductionsjcabello.com\\\/?page_id=226\"]}]},{\"@type\":\"ImageObject\",\"inLanguage\":\"fr-FR\",\"@id\":\"https:\\\/\\\/traductionsjcabello.com\\\/?page_id=226#primaryimage\",\"url\":\"https:\\\/\\\/traductionsjcabello.com\\\/wp-content\\\/uploads\\\/2017\\\/09\\\/air-mail.jpg\",\"contentUrl\":\"https:\\\/\\\/traductionsjcabello.com\\\/wp-content\\\/uploads\\\/2017\\\/09\\\/air-mail.jpg\",\"width\":693,\"height\":474,\"caption\":\"Sobre Air Mail\"},{\"@type\":\"BreadcrumbList\",\"@id\":\"https:\\\/\\\/traductionsjcabello.com\\\/?page_id=226#breadcrumb\",\"itemListElement\":[{\"@type\":\"ListItem\",\"position\":1,\"name\":\"Accueil\",\"item\":\"https:\\\/\\\/traductionsjcabello.com\\\/\"},{\"@type\":\"ListItem\",\"position\":2,\"name\":\"Contact\"}]},{\"@type\":\"WebSite\",\"@id\":\"https:\\\/\\\/traductionsjcabello.com\\\/#website\",\"url\":\"https:\\\/\\\/traductionsjcabello.com\\\/\",\"name\":\"Traductions Jos\u00e9phine Cabello - Espagnol\\\/Fran\u00e7ais\",\"description\":\"Services professionnels de traduction, d&#039;interpr\u00e9tation et de formation\",\"potentialAction\":[{\"@type\":\"SearchAction\",\"target\":{\"@type\":\"EntryPoint\",\"urlTemplate\":\"https:\\\/\\\/traductionsjcabello.com\\\/?s={search_term_string}\"},\"query-input\":{\"@type\":\"PropertyValueSpecification\",\"valueRequired\":true,\"valueName\":\"search_term_string\"}}],\"inLanguage\":\"fr-FR\"}]}<\/script>\n<!-- \/ Yoast SEO plugin. -->","yoast_head_json":{"title":"Contact - Traductions Jos\u00e9phine Cabello - Espagnol\/Fran\u00e7ais","robots":{"index":"noindex","follow":"follow","max-snippet":"max-snippet:-1","max-image-preview":"max-image-preview:large","max-video-preview":"max-video-preview:-1"},"og_locale":"fr_FR","og_type":"article","og_title":"Contact - Traductions Jos\u00e9phine Cabello - Espagnol\/Fran\u00e7ais","og_description":"SVP, utilisez le formulaire de cette page. Je vous r\u00e9pondrai d\u00e8s que possible. Merci beaucoup. &nbsp; Formulaire de Contact &nbsp; Continue reading","og_url":"https:\/\/traductionsjcabello.com\/?page_id=226","og_site_name":"Traductions Jos\u00e9phine Cabello - Espagnol\/Fran\u00e7ais","article_modified_time":"2018-02-16T10:30:25+00:00","og_image":[{"url":"https:\/\/traductionsjcabello.com\/wp-content\/uploads\/2017\/09\/air-mail-300x205.jpg","type":"","width":"","height":""}],"twitter_card":"summary_large_image","schema":{"@context":"https:\/\/schema.org","@graph":[{"@type":"WebPage","@id":"https:\/\/traductionsjcabello.com\/?page_id=226","url":"https:\/\/traductionsjcabello.com\/?page_id=226","name":"Contact - Traductions Jos\u00e9phine Cabello - Espagnol\/Fran\u00e7ais","isPartOf":{"@id":"https:\/\/traductionsjcabello.com\/#website"},"primaryImageOfPage":{"@id":"https:\/\/traductionsjcabello.com\/?page_id=226#primaryimage"},"image":{"@id":"https:\/\/traductionsjcabello.com\/?page_id=226#primaryimage"},"thumbnailUrl":"https:\/\/traductionsjcabello.com\/wp-content\/uploads\/2017\/09\/air-mail-300x205.jpg","datePublished":"2017-09-11T09:46:00+00:00","dateModified":"2018-02-16T10:30:25+00:00","breadcrumb":{"@id":"https:\/\/traductionsjcabello.com\/?page_id=226#breadcrumb"},"inLanguage":"fr-FR","potentialAction":[{"@type":"ReadAction","target":["https:\/\/traductionsjcabello.com\/?page_id=226"]}]},{"@type":"ImageObject","inLanguage":"fr-FR","@id":"https:\/\/traductionsjcabello.com\/?page_id=226#primaryimage","url":"https:\/\/traductionsjcabello.com\/wp-content\/uploads\/2017\/09\/air-mail.jpg","contentUrl":"https:\/\/traductionsjcabello.com\/wp-content\/uploads\/2017\/09\/air-mail.jpg","width":693,"height":474,"caption":"Sobre Air Mail"},{"@type":"BreadcrumbList","@id":"https:\/\/traductionsjcabello.com\/?page_id=226#breadcrumb","itemListElement":[{"@type":"ListItem","position":1,"name":"Accueil","item":"https:\/\/traductionsjcabello.com\/"},{"@type":"ListItem","position":2,"name":"Contact"}]},{"@type":"WebSite","@id":"https:\/\/traductionsjcabello.com\/#website","url":"https:\/\/traductionsjcabello.com\/","name":"Traductions Jos\u00e9phine Cabello - Espagnol\/Fran\u00e7ais","description":"Services professionnels de traduction, d&#039;interpr\u00e9tation et de formation","potentialAction":[{"@type":"SearchAction","target":{"@type":"EntryPoint","urlTemplate":"https:\/\/traductionsjcabello.com\/?s={search_term_string}"},"query-input":{"@type":"PropertyValueSpecification","valueRequired":true,"valueName":"search_term_string"}}],"inLanguage":"fr-FR"}]}},"_links":{"self":[{"href":"https:\/\/traductionsjcabello.com\/index.php?rest_route=\/wp\/v2\/pages\/226","targetHints":{"allow":["GET"]}}],"collection":[{"href":"https:\/\/traductionsjcabello.com\/index.php?rest_route=\/wp\/v2\/pages"}],"about":[{"href":"https:\/\/traductionsjcabello.com\/index.php?rest_route=\/wp\/v2\/types\/page"}],"author":[{"embeddable":true,"href":"https:\/\/traductionsjcabello.com\/index.php?rest_route=\/wp\/v2\/users\/1"}],"replies":[{"embeddable":true,"href":"https:\/\/traductionsjcabello.com\/index.php?rest_route=%2Fwp%2Fv2%2Fcomments&post=226"}],"version-history":[{"count":4,"href":"https:\/\/traductionsjcabello.com\/index.php?rest_route=\/wp\/v2\/pages\/226\/revisions"}],"predecessor-version":[{"id":269,"href":"https:\/\/traductionsjcabello.com\/index.php?rest_route=\/wp\/v2\/pages\/226\/revisions\/269"}],"wp:attachment":[{"href":"https:\/\/traductionsjcabello.com\/index.php?rest_route=%2Fwp%2Fv2%2Fmedia&parent=226"}],"curies":[{"name":"wp","href":"https:\/\/api.w.org\/{rel}","templated":true}]}}